{"id":11,"date":"2025-07-10T23:53:51","date_gmt":"2025-07-10T23:53:51","guid":{"rendered":"https:\/\/accueilgrossesse.com\/home-page\/"},"modified":"2025-07-11T04:42:00","modified_gmt":"2025-07-11T12:42:00","slug":"accuei","status":"publish","type":"page","link":"https:\/\/accueilgrossesse.com\/","title":{"rendered":"Accueil Grossesse Beauce-Appalaches"},"content":{"rendered":"\n<div class=\"wp-block-group alignfull has-background mb-0 mt-0 is-vertical is-content-justification-center is-nowrap is-layout-flex wp-container-core-group-is-layout-cce93156 wp-block-group-is-layout-flex\" style=\"background:linear-gradient(90deg,rgb(41,71,71) 0%,rgb(99,152,153) 100%);padding-top:0;padding-right:0;padding-bottom:0;padding-left:0\">\n<h2 class=\"wp-block-heading has-text-align-center has-quaternary-color has-text-color has-link-color wp-elements-72e22b4f0bb1c6a9c922901b0c03723d wp-container-content-958eb9dc\" style=\"padding-top:var(--wp--preset--spacing--20);padding-bottom:var(--wp--preset--spacing--20);font-size:45px\"><em>Enceinte&#8230; Nouvelle&nbsp;maman&#8230; ou&nbsp;papa&#8230;<\/em><\/h2>\n<\/div>\n\n\n\n<div class=\"wp-block-columns is-layout-flex wp-container-core-columns-is-layout-9d6595d7 wp-block-columns-is-layout-flex\">\n<div class=\"wp-block-column is-layout-flow wp-block-column-is-layout-flow\">\n<div class=\"wp-block-group alignwide\" style=\"padding-top:var(--wp--preset--spacing--70);padding-bottom:var(--wp--preset--spacing--70)\"><div class=\"wp-block-group__inner-container is-layout-constrained wp-block-group-is-layout-constrained\">\n<ul class=\"wp-block-list is-style-default\">\n<li>Tu es une adolescente enceinte.<\/li>\n\n\n\n<li>Tu es une femme, en couple ou non, faisant face \u00e0 une grossesse impr\u00e9vue.<\/li>\n\n\n\n<li>Tu es une nouvelle maman ou papa, seul(e) ou en couple.<\/li>\n\n\n\n<li>Tu vis un \u00e9v\u00e8nement difficile comme maladie, s\u00e9paration, etc.<\/li>\n\n\n\n<li>Tu as d\u00e9j\u00e0 v\u00e9cu un avortement.<\/li>\n\n\n\n<li>Tu te sens seule. Tu ne sais \u00e0 qui en parler.<\/li>\n\n\n\n<li>Tu ne te sens pas pr\u00eat(e) \u00e0 \u00eatre m\u00e8re\u2026 p\u00e8re\u2026 <\/li>\n\n\n\n<li>Tu es une adolescente enceinte.<\/li>\n<\/ul>\n<\/div><\/div>\n<\/div>\n<\/div>\n\n\n\n<div class=\"wp-block-group alignfull has-quaternary-background-color has-background mb-0 mt-0 is-vertical is-content-justification-center is-nowrap is-layout-flex wp-container-core-group-is-layout-cce93156 wp-block-group-is-layout-flex\" style=\"padding-top:0;padding-right:0;padding-bottom:0;padding-left:0\">\n<figure class=\"wp-block-image size-full\"><img loading=\"lazy\" decoding=\"async\" width=\"1920\" height=\"337\" src=\"https:\/\/accueilgrossesse.com\/wp-content\/uploads\/2025\/07\/nous-sommes-la-pour-toi-1.jpg\" alt=\"\" class=\"wp-image-77\" srcset=\"https:\/\/accueilgrossesse.com\/wp-content\/uploads\/2025\/07\/nous-sommes-la-pour-toi-1.jpg 1920w, https:\/\/accueilgrossesse.com\/wp-content\/uploads\/2025\/07\/nous-sommes-la-pour-toi-1-300x53.jpg 300w, https:\/\/accueilgrossesse.com\/wp-content\/uploads\/2025\/07\/nous-sommes-la-pour-toi-1-1024x180.jpg 1024w, https:\/\/accueilgrossesse.com\/wp-content\/uploads\/2025\/07\/nous-sommes-la-pour-toi-1-768x135.jpg 768w, https:\/\/accueilgrossesse.com\/wp-content\/uploads\/2025\/07\/nous-sommes-la-pour-toi-1-1536x270.jpg 1536w\" sizes=\"auto, (max-width: 1920px) 100vw, 1920px\" \/><\/figure>\n<\/div>\n","protected":false},"excerpt":{"rendered":"<p>Enceinte&#8230; Nouvelle&nbsp;maman&#8230; ou&nbsp;papa&#8230;<\/p>\n","protected":false},"author":1,"featured_media":129,"parent":0,"menu_order":0,"comment_status":"closed","ping_status":"closed","template":"","meta":{"_coblocks_attr":"","_coblocks_dimensions":"{\"coblocks-row-610203324369\":{\"margin\":{\"marginBottom\":null,\"marginBottomMobile\":null,\"marginBottomTablet\":\"0px\",\"marginLeft\":null,\"marginLeftMobile\":null,\"marginLeftTablet\":\"0px\",\"marginRight\":null,\"marginRightMobile\":null,\"marginRightTablet\":\"0px\",\"marginTop\":null,\"marginTopMobile\":null,\"marginTopTablet\":\"0px\"}}}","_coblocks_responsive_height":"","_coblocks_accordion_ie_support":"","hide_page_title":"disabled","footnotes":""},"class_list":["post-11","page","type-page","status-publish","has-post-thumbnail","hentry"],"yoast_head":"<!-- This site is optimized with the Yoast SEO plugin v27.5 - https:\/\/yoast.com\/product\/yoast-seo-wordpress\/ -->\n<title>Accueil Grossesse Beauce-Appalaches<\/title>\n<meta name=\"description\" content=\"Organisme de bienfaisance, situ\u00e9 \u00e0 St-Georges de Beauce (Qu\u00e9bec) qui offre de l&#039;aide aux adolescentes, filles et femmes enceintes, nouvelles mamans, papas, seul(es) ou en couple, vivant une situation difficile.\" \/>\n<meta name=\"robots\" content=\"index, follow, max-snippet:-1, max-image-preview:large, max-video-preview:-1\" \/>\n<link rel=\"canonical\" href=\"https:\/\/accueilgrossesse.com\/\" \/>\n<meta property=\"og:locale\" content=\"fr_CA\" \/>\n<meta property=\"og:type\" content=\"article\" \/>\n<meta property=\"og:title\" content=\"Accueil Grossesse Beauce-Appalaches\" \/>\n<meta property=\"og:description\" content=\"Organisme de bienfaisance, situ\u00e9 \u00e0 St-Georges de Beauce (Qu\u00e9bec) qui offre de l&#039;aide aux adolescentes, filles et femmes enceintes, nouvelles mamans, papas, seul(es) ou en couple, vivant une situation difficile.\" \/>\n<meta property=\"og:url\" content=\"https:\/\/accueilgrossesse.com\/\" \/>\n<meta property=\"og:site_name\" content=\"Accueil Grossesse Beauce-Appalaches\" \/>\n<meta property=\"article:publisher\" content=\"https:\/\/www.facebook.com\/profile.php?id=100001003062947\" \/>\n<meta property=\"article:modified_time\" content=\"2025-07-11T12:42:00+00:00\" \/>\n<meta property=\"og:image\" content=\"https:\/\/accueilgrossesse.com\/wp-content\/uploads\/2025\/07\/femme-enceinte-regardant-un-test-de-grossesse.jpg\" \/>\n\t<meta property=\"og:image:width\" content=\"1920\" \/>\n\t<meta property=\"og:image:height\" content=\"772\" \/>\n\t<meta property=\"og:image:type\" content=\"image\/jpeg\" \/>\n<meta name=\"twitter:card\" content=\"summary_large_image\" \/>\n<meta name=\"twitter:label1\" content=\"Estimation du temps de lecture\" \/>\n\t<meta name=\"twitter:data1\" content=\"1 minute\" \/>\n<script type=\"application\/ld+json\" class=\"yoast-schema-graph\">{\"@context\":\"https:\\\/\\\/schema.org\",\"@graph\":[{\"@type\":\"WebPage\",\"@id\":\"https:\\\/\\\/accueilgrossesse.com\\\/\",\"url\":\"https:\\\/\\\/accueilgrossesse.com\\\/\",\"name\":\"Accueil Grossesse Beauce-Appalaches\",\"isPartOf\":{\"@id\":\"https:\\\/\\\/accueilgrossesse.com\\\/#website\"},\"primaryImageOfPage\":{\"@id\":\"https:\\\/\\\/accueilgrossesse.com\\\/#primaryimage\"},\"image\":{\"@id\":\"https:\\\/\\\/accueilgrossesse.com\\\/#primaryimage\"},\"thumbnailUrl\":\"https:\\\/\\\/accueilgrossesse.com\\\/wp-content\\\/uploads\\\/2025\\\/07\\\/femme-enceinte-regardant-un-test-de-grossesse.jpg\",\"datePublished\":\"2025-07-10T23:53:51+00:00\",\"dateModified\":\"2025-07-11T12:42:00+00:00\",\"description\":\"Organisme de bienfaisance, situ\u00e9 \u00e0 St-Georges de Beauce (Qu\u00e9bec) qui offre de l'aide aux adolescentes, filles et femmes enceintes, nouvelles mamans, papas, seul(es) ou en couple, vivant une situation difficile.\",\"breadcrumb\":{\"@id\":\"https:\\\/\\\/accueilgrossesse.com\\\/#breadcrumb\"},\"inLanguage\":\"fr-CA\",\"potentialAction\":[{\"@type\":\"ReadAction\",\"target\":[\"https:\\\/\\\/accueilgrossesse.com\\\/\"]}]},{\"@type\":\"ImageObject\",\"inLanguage\":\"fr-CA\",\"@id\":\"https:\\\/\\\/accueilgrossesse.com\\\/#primaryimage\",\"url\":\"https:\\\/\\\/accueilgrossesse.com\\\/wp-content\\\/uploads\\\/2025\\\/07\\\/femme-enceinte-regardant-un-test-de-grossesse.jpg\",\"contentUrl\":\"https:\\\/\\\/accueilgrossesse.com\\\/wp-content\\\/uploads\\\/2025\\\/07\\\/femme-enceinte-regardant-un-test-de-grossesse.jpg\",\"width\":1920,\"height\":772,\"caption\":\"femme enceinte test de grossesse\"},{\"@type\":\"BreadcrumbList\",\"@id\":\"https:\\\/\\\/accueilgrossesse.com\\\/#breadcrumb\",\"itemListElement\":[{\"@type\":\"ListItem\",\"position\":1,\"name\":\"Accueil\",\"item\":\"https:\\\/\\\/accueilgrossesse.com\\\/\"},{\"@type\":\"ListItem\",\"position\":2,\"name\":\"Accueil Grossesse Beauce-Appalaches\"}]},{\"@type\":\"WebSite\",\"@id\":\"https:\\\/\\\/accueilgrossesse.com\\\/#website\",\"url\":\"https:\\\/\\\/accueilgrossesse.com\\\/\",\"name\":\"Accueil Grossesse Beauce-Appalaches\",\"description\":\"Quand la vie nous bouscule...\",\"publisher\":{\"@id\":\"https:\\\/\\\/accueilgrossesse.com\\\/#organization\"},\"potentialAction\":[{\"@type\":\"SearchAction\",\"target\":{\"@type\":\"EntryPoint\",\"urlTemplate\":\"https:\\\/\\\/accueilgrossesse.com\\\/?s={search_term_string}\"},\"query-input\":{\"@type\":\"PropertyValueSpecification\",\"valueRequired\":true,\"valueName\":\"search_term_string\"}}],\"inLanguage\":\"fr-CA\"},{\"@type\":\"Organization\",\"@id\":\"https:\\\/\\\/accueilgrossesse.com\\\/#organization\",\"name\":\"Accueil Grossesse Beauce-Appalaches\",\"url\":\"https:\\\/\\\/accueilgrossesse.com\\\/\",\"logo\":{\"@type\":\"ImageObject\",\"inLanguage\":\"fr-CA\",\"@id\":\"https:\\\/\\\/accueilgrossesse.com\\\/#\\\/schema\\\/logo\\\/image\\\/\",\"url\":\"https:\\\/\\\/accueilgrossesse.com\\\/wp-content\\\/uploads\\\/2025\\\/07\\\/cropped-logo-Accueil-Grossesse-Beauce-Appalaches.png\",\"contentUrl\":\"https:\\\/\\\/accueilgrossesse.com\\\/wp-content\\\/uploads\\\/2025\\\/07\\\/cropped-logo-Accueil-Grossesse-Beauce-Appalaches.png\",\"width\":552,\"height\":130,\"caption\":\"Accueil Grossesse Beauce-Appalaches\"},\"image\":{\"@id\":\"https:\\\/\\\/accueilgrossesse.com\\\/#\\\/schema\\\/logo\\\/image\\\/\"},\"sameAs\":[\"https:\\\/\\\/www.facebook.com\\\/profile.php?id=100001003062947\"]}]}<\/script>\n<!-- \/ Yoast SEO plugin. -->","yoast_head_json":{"title":"Accueil Grossesse Beauce-Appalaches","description":"Organisme de bienfaisance, situ\u00e9 \u00e0 St-Georges de Beauce (Qu\u00e9bec) qui offre de l'aide aux adolescentes, filles et femmes enceintes, nouvelles mamans, papas, seul(es) ou en couple, vivant une situation difficile.","robots":{"index":"index","follow":"follow","max-snippet":"max-snippet:-1","max-image-preview":"max-image-preview:large","max-video-preview":"max-video-preview:-1"},"canonical":"https:\/\/accueilgrossesse.com\/","og_locale":"fr_CA","og_type":"article","og_title":"Accueil Grossesse Beauce-Appalaches","og_description":"Organisme de bienfaisance, situ\u00e9 \u00e0 St-Georges de Beauce (Qu\u00e9bec) qui offre de l'aide aux adolescentes, filles et femmes enceintes, nouvelles mamans, papas, seul(es) ou en couple, vivant une situation difficile.","og_url":"https:\/\/accueilgrossesse.com\/","og_site_name":"Accueil Grossesse Beauce-Appalaches","article_publisher":"https:\/\/www.facebook.com\/profile.php?id=100001003062947","article_modified_time":"2025-07-11T12:42:00+00:00","og_image":[{"width":1920,"height":772,"url":"https:\/\/accueilgrossesse.com\/wp-content\/uploads\/2025\/07\/femme-enceinte-regardant-un-test-de-grossesse.jpg","type":"image\/jpeg"}],"twitter_card":"summary_large_image","twitter_misc":{"Estimation du temps de lecture":"1 minute"},"schema":{"@context":"https:\/\/schema.org","@graph":[{"@type":"WebPage","@id":"https:\/\/accueilgrossesse.com\/","url":"https:\/\/accueilgrossesse.com\/","name":"Accueil Grossesse Beauce-Appalaches","isPartOf":{"@id":"https:\/\/accueilgrossesse.com\/#website"},"primaryImageOfPage":{"@id":"https:\/\/accueilgrossesse.com\/#primaryimage"},"image":{"@id":"https:\/\/accueilgrossesse.com\/#primaryimage"},"thumbnailUrl":"https:\/\/accueilgrossesse.com\/wp-content\/uploads\/2025\/07\/femme-enceinte-regardant-un-test-de-grossesse.jpg","datePublished":"2025-07-10T23:53:51+00:00","dateModified":"2025-07-11T12:42:00+00:00","description":"Organisme de bienfaisance, situ\u00e9 \u00e0 St-Georges de Beauce (Qu\u00e9bec) qui offre de l'aide aux adolescentes, filles et femmes enceintes, nouvelles mamans, papas, seul(es) ou en couple, vivant une situation difficile.","breadcrumb":{"@id":"https:\/\/accueilgrossesse.com\/#breadcrumb"},"inLanguage":"fr-CA","potentialAction":[{"@type":"ReadAction","target":["https:\/\/accueilgrossesse.com\/"]}]},{"@type":"ImageObject","inLanguage":"fr-CA","@id":"https:\/\/accueilgrossesse.com\/#primaryimage","url":"https:\/\/accueilgrossesse.com\/wp-content\/uploads\/2025\/07\/femme-enceinte-regardant-un-test-de-grossesse.jpg","contentUrl":"https:\/\/accueilgrossesse.com\/wp-content\/uploads\/2025\/07\/femme-enceinte-regardant-un-test-de-grossesse.jpg","width":1920,"height":772,"caption":"femme enceinte test de grossesse"},{"@type":"BreadcrumbList","@id":"https:\/\/accueilgrossesse.com\/#breadcrumb","itemListElement":[{"@type":"ListItem","position":1,"name":"Accueil","item":"https:\/\/accueilgrossesse.com\/"},{"@type":"ListItem","position":2,"name":"Accueil Grossesse Beauce-Appalaches"}]},{"@type":"WebSite","@id":"https:\/\/accueilgrossesse.com\/#website","url":"https:\/\/accueilgrossesse.com\/","name":"Accueil Grossesse Beauce-Appalaches","description":"Quand la vie nous bouscule...","publisher":{"@id":"https:\/\/accueilgrossesse.com\/#organization"},"potentialAction":[{"@type":"SearchAction","target":{"@type":"EntryPoint","urlTemplate":"https:\/\/accueilgrossesse.com\/?s={search_term_string}"},"query-input":{"@type":"PropertyValueSpecification","valueRequired":true,"valueName":"search_term_string"}}],"inLanguage":"fr-CA"},{"@type":"Organization","@id":"https:\/\/accueilgrossesse.com\/#organization","name":"Accueil Grossesse Beauce-Appalaches","url":"https:\/\/accueilgrossesse.com\/","logo":{"@type":"ImageObject","inLanguage":"fr-CA","@id":"https:\/\/accueilgrossesse.com\/#\/schema\/logo\/image\/","url":"https:\/\/accueilgrossesse.com\/wp-content\/uploads\/2025\/07\/cropped-logo-Accueil-Grossesse-Beauce-Appalaches.png","contentUrl":"https:\/\/accueilgrossesse.com\/wp-content\/uploads\/2025\/07\/cropped-logo-Accueil-Grossesse-Beauce-Appalaches.png","width":552,"height":130,"caption":"Accueil Grossesse Beauce-Appalaches"},"image":{"@id":"https:\/\/accueilgrossesse.com\/#\/schema\/logo\/image\/"},"sameAs":["https:\/\/www.facebook.com\/profile.php?id=100001003062947"]}]}},"_links":{"self":[{"href":"https:\/\/accueilgrossesse.com\/index.php?rest_route=\/wp\/v2\/pages\/11","targetHints":{"allow":["GET"]}}],"collection":[{"href":"https:\/\/accueilgrossesse.com\/index.php?rest_route=\/wp\/v2\/pages"}],"about":[{"href":"https:\/\/accueilgrossesse.com\/index.php?rest_route=\/wp\/v2\/types\/page"}],"author":[{"embeddable":true,"href":"https:\/\/accueilgrossesse.com\/index.php?rest_route=\/wp\/v2\/users\/1"}],"replies":[{"embeddable":true,"href":"https:\/\/accueilgrossesse.com\/index.php?rest_route=%2Fwp%2Fv2%2Fcomments&post=11"}],"version-history":[{"count":32,"href":"https:\/\/accueilgrossesse.com\/index.php?rest_route=\/wp\/v2\/pages\/11\/revisions"}],"predecessor-version":[{"id":134,"href":"https:\/\/accueilgrossesse.com\/index.php?rest_route=\/wp\/v2\/pages\/11\/revisions\/134"}],"wp:featuredmedia":[{"embeddable":true,"href":"https:\/\/accueilgrossesse.com\/index.php?rest_route=\/wp\/v2\/media\/129"}],"wp:attachment":[{"href":"https:\/\/accueilgrossesse.com\/index.php?rest_route=%2Fwp%2Fv2%2Fmedia&parent=11"}],"curies":[{"name":"wp","href":"https:\/\/api.w.org\/{rel}","templated":true}]}}