{"id":16,"date":"2025-07-10T23:53:51","date_gmt":"2025-07-10T23:53:51","guid":{"rendered":"https:\/\/accueilgrossesse.com\/contact-page\/"},"modified":"2025-07-10T20:19:45","modified_gmt":"2025-07-11T04:19:45","slug":"contact-page","status":"publish","type":"page","link":"https:\/\/accueilgrossesse.com\/?page_id=16","title":{"rendered":"Qui sommes-nous"},"content":{"rendered":"\n<div class=\"wp-block-group\"><div class=\"wp-block-group__inner-container is-layout-constrained wp-block-group-is-layout-constrained\">\n<h2 class=\"wp-block-heading has-text-align-center\" style=\"font-size:40px\">Accueil Grossesse c&rsquo;est :<\/h2>\n\n\n\n<ul class=\"wp-block-list\">\n<li>Un organisme communautaire, aussi reconnu comme organisme de bienfaisance, situ\u00e9 \u00e0 St-Georges de Beauce (Qu\u00e9bec).<\/li>\n\n\n\n<li>Un lieu d&rsquo;accueil inconditionnel pour toutes adolescentes, filles\/femmes enceintes, nouvelles mamans, papas, seul(es) ou en couple, vivant une situation difficile, peu importe le statut social, l&rsquo;\u00e2ge, la culture ou la religion.<\/li>\n<\/ul>\n\n\n\n<ul class=\"wp-block-list\">\n<li>Un service d&rsquo;aide, d&rsquo;\u00e9coute et de compr\u00e9hension, quelle que soit ta situation.<\/li>\n<\/ul>\n<\/div><\/div>\n\n\n\n<div class=\"wp-block-columns is-layout-flex wp-container-core-columns-is-layout-22dace48 wp-block-columns-is-layout-flex\" style=\"padding-top:var(--wp--preset--spacing--40);padding-bottom:var(--wp--preset--spacing--40)\">\n<div class=\"wp-block-column is-layout-flow wp-block-column-is-layout-flow\" style=\"flex-basis:100%\">\n<h3 class=\"wp-block-heading has-text-align-center\" style=\"font-size:33px\"><strong><em>Accueil Grossesse, \u00e7a commence dans l&rsquo;coeur.<\/em><\/strong><\/h3>\n\n\n\n<p class=\"has-text-align-center\"><strong><em>Dans l&rsquo;coeur des membres fondateurs<\/em><\/strong><\/p>\n\n\n\n<p class=\"has-text-align-center\"><strong><em>Dans l&rsquo;coeur de toutes les personnes qui s&rsquo;y sont jointes<\/em><\/strong><\/p>\n\n\n\n<p class=\"has-text-align-center\"><strong><em>Dans l&rsquo;coeur des personnes qui s&rsquo;ajouteront \u00e0 notre \u00e9quipe<\/em><\/strong><\/p>\n\n\n\n<p class=\"has-text-align-center\"><strong><em>Dans l&rsquo;c\u0153ur de ceux et celles qui nous supportent financi\u00e8rement<\/em><\/strong><\/p>\n<\/div>\n<\/div>\n\n\n\n<div class=\"wp-block-group has-quaternary-background-color has-background\" style=\"padding-top:var(--wp--preset--spacing--60);padding-right:var(--wp--preset--spacing--20);padding-bottom:var(--wp--preset--spacing--60);padding-left:var(--wp--preset--spacing--20)\"><div class=\"wp-block-group__inner-container is-layout-constrained wp-container-core-group-is-layout-802dfe1a wp-block-group-is-layout-constrained\">\n<p class=\"has-text-align-center\">Merci \u00e0 tous ceux et celles qui ont collabor\u00e9 avec nous (b\u00e9n\u00e9voles, donateurs, commanditaires, partenaires\u2026) et qui continuent de nous supporter, de quelque mani\u00e8re que ce soit.<\/p>\n\n\n\n<p class=\"has-text-align-center\"><strong>Votre appui est tr\u00e8s pr\u00e9cieux et nous vous en remercions de tout c\u0153ur !<\/strong><\/p>\n<\/div><\/div>\n","protected":false},"excerpt":{"rendered":"<p>Accueil Grossesse c&rsquo;est : Accueil Grossesse, \u00e7a commence dans l&rsquo;coeur. Dans l&rsquo;coeur des membres fondateurs Dans l&rsquo;coeur de toutes les personnes qui s&rsquo;y sont jointes Dans l&rsquo;coeur des personnes qui s&rsquo;ajouteront \u00e0 notre \u00e9quipe Dans l&rsquo;c\u0153ur de ceux et celles qui nous supportent financi\u00e8rement Merci \u00e0 tous ceux et celles qui ont collabor\u00e9 avec nous [&hellip;]<\/p>\n","protected":false},"author":0,"featured_media":0,"parent":0,"menu_order":0,"comment_status":"closed","ping_status":"closed","template":"","meta":{"_coblocks_attr":"","_coblocks_dimensions":"","_coblocks_responsive_height":"","_coblocks_accordion_ie_support":"","hide_page_title":"","footnotes":""},"class_list":["post-16","page","type-page","status-publish","hentry"],"yoast_head":"<!-- This site is optimized with the Yoast SEO plugin v27.4 - https:\/\/yoast.com\/product\/yoast-seo-wordpress\/ -->\n<title>Qui sommes-nous - Accueil Grossesse Beauce-Appalaches<\/title>\n<meta name=\"robots\" content=\"index, follow, max-snippet:-1, max-image-preview:large, max-video-preview:-1\" \/>\n<link rel=\"canonical\" href=\"https:\/\/accueilgrossesse.com\/?page_id=16\" \/>\n<meta property=\"og:locale\" content=\"fr_CA\" \/>\n<meta property=\"og:type\" content=\"article\" \/>\n<meta property=\"og:title\" content=\"Qui sommes-nous - Accueil Grossesse Beauce-Appalaches\" \/>\n<meta property=\"og:description\" content=\"Accueil Grossesse c&rsquo;est : Accueil Grossesse, \u00e7a commence dans l&rsquo;coeur. Dans l&rsquo;coeur des membres fondateurs Dans l&rsquo;coeur de toutes les personnes qui s&rsquo;y sont jointes Dans l&rsquo;coeur des personnes qui s&rsquo;ajouteront \u00e0 notre \u00e9quipe Dans l&rsquo;c\u0153ur de ceux et celles qui nous supportent financi\u00e8rement Merci \u00e0 tous ceux et celles qui ont collabor\u00e9 avec nous [&hellip;]\" \/>\n<meta property=\"og:url\" content=\"https:\/\/accueilgrossesse.com\/?page_id=16\" \/>\n<meta property=\"og:site_name\" content=\"Accueil Grossesse Beauce-Appalaches\" \/>\n<meta property=\"article:publisher\" content=\"https:\/\/www.facebook.com\/profile.php?id=100001003062947\" \/>\n<meta property=\"article:modified_time\" content=\"2025-07-11T04:19:45+00:00\" \/>\n<meta name=\"twitter:card\" content=\"summary_large_image\" \/>\n<meta name=\"twitter:label1\" content=\"Estimation du temps de lecture\" \/>\n\t<meta name=\"twitter:data1\" content=\"1 minute\" \/>\n<script type=\"application\/ld+json\" class=\"yoast-schema-graph\">{\"@context\":\"https:\\\/\\\/schema.org\",\"@graph\":[{\"@type\":\"WebPage\",\"@id\":\"https:\\\/\\\/accueilgrossesse.com\\\/?page_id=16\",\"url\":\"https:\\\/\\\/accueilgrossesse.com\\\/?page_id=16\",\"name\":\"Qui sommes-nous - Accueil Grossesse Beauce-Appalaches\",\"isPartOf\":{\"@id\":\"https:\\\/\\\/accueilgrossesse.com\\\/#website\"},\"datePublished\":\"2025-07-10T23:53:51+00:00\",\"dateModified\":\"2025-07-11T04:19:45+00:00\",\"breadcrumb\":{\"@id\":\"https:\\\/\\\/accueilgrossesse.com\\\/?page_id=16#breadcrumb\"},\"inLanguage\":\"fr-CA\",\"potentialAction\":[{\"@type\":\"ReadAction\",\"target\":[\"https:\\\/\\\/accueilgrossesse.com\\\/?page_id=16\"]}]},{\"@type\":\"BreadcrumbList\",\"@id\":\"https:\\\/\\\/accueilgrossesse.com\\\/?page_id=16#breadcrumb\",\"itemListElement\":[{\"@type\":\"ListItem\",\"position\":1,\"name\":\"Accueil\",\"item\":\"https:\\\/\\\/accueilgrossesse.com\\\/\"},{\"@type\":\"ListItem\",\"position\":2,\"name\":\"Qui sommes-nous\"}]},{\"@type\":\"WebSite\",\"@id\":\"https:\\\/\\\/accueilgrossesse.com\\\/#website\",\"url\":\"https:\\\/\\\/accueilgrossesse.com\\\/\",\"name\":\"Accueil Grossesse Beauce-Appalaches\",\"description\":\"Quand la vie nous bouscule...\",\"publisher\":{\"@id\":\"https:\\\/\\\/accueilgrossesse.com\\\/#organization\"},\"potentialAction\":[{\"@type\":\"SearchAction\",\"target\":{\"@type\":\"EntryPoint\",\"urlTemplate\":\"https:\\\/\\\/accueilgrossesse.com\\\/?s={search_term_string}\"},\"query-input\":{\"@type\":\"PropertyValueSpecification\",\"valueRequired\":true,\"valueName\":\"search_term_string\"}}],\"inLanguage\":\"fr-CA\"},{\"@type\":\"Organization\",\"@id\":\"https:\\\/\\\/accueilgrossesse.com\\\/#organization\",\"name\":\"Accueil Grossesse Beauce-Appalaches\",\"url\":\"https:\\\/\\\/accueilgrossesse.com\\\/\",\"logo\":{\"@type\":\"ImageObject\",\"inLanguage\":\"fr-CA\",\"@id\":\"https:\\\/\\\/accueilgrossesse.com\\\/#\\\/schema\\\/logo\\\/image\\\/\",\"url\":\"https:\\\/\\\/accueilgrossesse.com\\\/wp-content\\\/uploads\\\/2025\\\/07\\\/cropped-logo-Accueil-Grossesse-Beauce-Appalaches.png\",\"contentUrl\":\"https:\\\/\\\/accueilgrossesse.com\\\/wp-content\\\/uploads\\\/2025\\\/07\\\/cropped-logo-Accueil-Grossesse-Beauce-Appalaches.png\",\"width\":552,\"height\":130,\"caption\":\"Accueil Grossesse Beauce-Appalaches\"},\"image\":{\"@id\":\"https:\\\/\\\/accueilgrossesse.com\\\/#\\\/schema\\\/logo\\\/image\\\/\"},\"sameAs\":[\"https:\\\/\\\/www.facebook.com\\\/profile.php?id=100001003062947\"]}]}<\/script>\n<!-- \/ Yoast SEO plugin. -->","yoast_head_json":{"title":"Qui sommes-nous - Accueil Grossesse Beauce-Appalaches","robots":{"index":"index","follow":"follow","max-snippet":"max-snippet:-1","max-image-preview":"max-image-preview:large","max-video-preview":"max-video-preview:-1"},"canonical":"https:\/\/accueilgrossesse.com\/?page_id=16","og_locale":"fr_CA","og_type":"article","og_title":"Qui sommes-nous - Accueil Grossesse Beauce-Appalaches","og_description":"Accueil Grossesse c&rsquo;est : Accueil Grossesse, \u00e7a commence dans l&rsquo;coeur. Dans l&rsquo;coeur des membres fondateurs Dans l&rsquo;coeur de toutes les personnes qui s&rsquo;y sont jointes Dans l&rsquo;coeur des personnes qui s&rsquo;ajouteront \u00e0 notre \u00e9quipe Dans l&rsquo;c\u0153ur de ceux et celles qui nous supportent financi\u00e8rement Merci \u00e0 tous ceux et celles qui ont collabor\u00e9 avec nous [&hellip;]","og_url":"https:\/\/accueilgrossesse.com\/?page_id=16","og_site_name":"Accueil Grossesse Beauce-Appalaches","article_publisher":"https:\/\/www.facebook.com\/profile.php?id=100001003062947","article_modified_time":"2025-07-11T04:19:45+00:00","twitter_card":"summary_large_image","twitter_misc":{"Estimation du temps de lecture":"1 minute"},"schema":{"@context":"https:\/\/schema.org","@graph":[{"@type":"WebPage","@id":"https:\/\/accueilgrossesse.com\/?page_id=16","url":"https:\/\/accueilgrossesse.com\/?page_id=16","name":"Qui sommes-nous - Accueil Grossesse Beauce-Appalaches","isPartOf":{"@id":"https:\/\/accueilgrossesse.com\/#website"},"datePublished":"2025-07-10T23:53:51+00:00","dateModified":"2025-07-11T04:19:45+00:00","breadcrumb":{"@id":"https:\/\/accueilgrossesse.com\/?page_id=16#breadcrumb"},"inLanguage":"fr-CA","potentialAction":[{"@type":"ReadAction","target":["https:\/\/accueilgrossesse.com\/?page_id=16"]}]},{"@type":"BreadcrumbList","@id":"https:\/\/accueilgrossesse.com\/?page_id=16#breadcrumb","itemListElement":[{"@type":"ListItem","position":1,"name":"Accueil","item":"https:\/\/accueilgrossesse.com\/"},{"@type":"ListItem","position":2,"name":"Qui sommes-nous"}]},{"@type":"WebSite","@id":"https:\/\/accueilgrossesse.com\/#website","url":"https:\/\/accueilgrossesse.com\/","name":"Accueil Grossesse Beauce-Appalaches","description":"Quand la vie nous bouscule...","publisher":{"@id":"https:\/\/accueilgrossesse.com\/#organization"},"potentialAction":[{"@type":"SearchAction","target":{"@type":"EntryPoint","urlTemplate":"https:\/\/accueilgrossesse.com\/?s={search_term_string}"},"query-input":{"@type":"PropertyValueSpecification","valueRequired":true,"valueName":"search_term_string"}}],"inLanguage":"fr-CA"},{"@type":"Organization","@id":"https:\/\/accueilgrossesse.com\/#organization","name":"Accueil Grossesse Beauce-Appalaches","url":"https:\/\/accueilgrossesse.com\/","logo":{"@type":"ImageObject","inLanguage":"fr-CA","@id":"https:\/\/accueilgrossesse.com\/#\/schema\/logo\/image\/","url":"https:\/\/accueilgrossesse.com\/wp-content\/uploads\/2025\/07\/cropped-logo-Accueil-Grossesse-Beauce-Appalaches.png","contentUrl":"https:\/\/accueilgrossesse.com\/wp-content\/uploads\/2025\/07\/cropped-logo-Accueil-Grossesse-Beauce-Appalaches.png","width":552,"height":130,"caption":"Accueil Grossesse Beauce-Appalaches"},"image":{"@id":"https:\/\/accueilgrossesse.com\/#\/schema\/logo\/image\/"},"sameAs":["https:\/\/www.facebook.com\/profile.php?id=100001003062947"]}]}},"_links":{"self":[{"href":"https:\/\/accueilgrossesse.com\/index.php?rest_route=\/wp\/v2\/pages\/16","targetHints":{"allow":["GET"]}}],"collection":[{"href":"https:\/\/accueilgrossesse.com\/index.php?rest_route=\/wp\/v2\/pages"}],"about":[{"href":"https:\/\/accueilgrossesse.com\/index.php?rest_route=\/wp\/v2\/types\/page"}],"replies":[{"embeddable":true,"href":"https:\/\/accueilgrossesse.com\/index.php?rest_route=%2Fwp%2Fv2%2Fcomments&post=16"}],"version-history":[{"count":7,"href":"https:\/\/accueilgrossesse.com\/index.php?rest_route=\/wp\/v2\/pages\/16\/revisions"}],"predecessor-version":[{"id":104,"href":"https:\/\/accueilgrossesse.com\/index.php?rest_route=\/wp\/v2\/pages\/16\/revisions\/104"}],"wp:attachment":[{"href":"https:\/\/accueilgrossesse.com\/index.php?rest_route=%2Fwp%2Fv2%2Fmedia&parent=16"}],"curies":[{"name":"wp","href":"https:\/\/api.w.org\/{rel}","templated":true}]}}